{"id":7,"date":"2024-10-11T09:36:16","date_gmt":"2024-10-11T09:36:16","guid":{"rendered":"https:\/\/consensoinformato.wp-plesk.addictionlab.it\/?page_id=7"},"modified":"2024-10-14T13:48:16","modified_gmt":"2024-10-14T13:48:16","slug":"servizio-e-vantaggi","status":"publish","type":"page","link":"https:\/\/consensoinformato.addictionlab.it\/","title":{"rendered":"Servizio e vantaggi"},"content":{"rendered":"<p class=\"p1\">CON-senso: il nostro servizio si rivolge ai medici e vi permette di gestire con semplicit\u00e0 e in modo pi\u00f9 efficiente i consensi informati per i pazienti. CON-senso offre modelli gi\u00e0 pronti e utilizzabili per le attivit\u00e0 da svolgere e gi\u00e0 verificati sia negli aspetti legali che in quelli medico-scientifici e rispetto le linee guida nazionali.<\/p>\n<p class=\"p1\">Proteggere la propria attivit\u00e0 e assicurare che ogni passo intrapreso sia in conformit\u00e0 con le normative \u00e8 importante per chiunque eserciti la professione medica.<\/p>\n<p class=\"p1\">COME VI AIUTA CON-senso:<\/p>\n<ol>\n<li><span class=\"s1\"><b>Organizzazione Efficiente e risparmio di tempo:<\/b> <\/span>Mettiamo fine al disordine nei documenti di consenso informato. Accedete facilmente a modelli gi\u00e0 utilizzabili e gi\u00e0 verificati legalmente e dal punto di vista medico-scientifico.<\/li>\n<li><span class=\"s1\"><strong>Maggiore Tutela Legale<\/strong>: <\/span>Riducete il rischio di controversie legali o penali grazie a una gestione accurata e conforme delle autorizzazioni dei pazienti. I modelli di Consenso Informato offerti dal nostro servizio vengono aggiornati regolarmente in base ai parametri pi\u00f9 recenti di legge e di pratica medica<\/li>\n<li><span class=\"s1\"><strong>Riduzione dei Costi<\/strong>: <\/span>Tagliate i costi associati alla consulenza legale esterna. Gestite voi stessi i consensi informati in modo semplice ed efficiente.<\/li>\n<li><span class=\"s1\"><strong>Sicurezza<\/strong>: <\/span>Dimostrate una pratica diligente e documentata per una maggiore sicurezza. La vostra tranquillit\u00e0 e la vostra attivit\u00e0 sono la nostra priorit\u00e0.<\/li>\n<\/ol>\n<p class=\"p1\">Siamo qui per semplificare la vostra vita professionale. Mettiamo il controllo nelle vostre mani, aiutandovi a mantenere un ambiente di lavoro privato sicuro e organizzato.<\/p>\n<p class=\"p1\">Unisciti alla Community di CON-senso, contattaci oggi stesso per ulteriori dettagli e una dimostrazione gratuita.<\/p>\n<p class=\"p1\">La vostra sicurezza, tranquillit\u00e0 e attivit\u00e0 sono la nostra priorit\u00e0.<\/p>\n\n\n<h3 class=\"wp-block-heading\">Compila il form per maggiori informazioni<\/h3>\n\n\n\n<div class=\"wp-block-contact-form-7-contact-form-selector\">\n<div class=\"wpcf7 no-js\" id=\"wpcf7-f39-o1\" lang=\"it-IT\" dir=\"ltr\" data-wpcf7-id=\"39\">\n<div class=\"screen-reader-response\"><p role=\"status\" aria-live=\"polite\" aria-atomic=\"true\"><\/p> <ul><\/ul><\/div>\n<form action=\"\/index.php?rest_route=%2Fwp%2Fv2%2Fpages%2F7#wpcf7-f39-o1\" method=\"post\" class=\"wpcf7-form init\" aria-label=\"Modulo di contatto\" novalidate=\"novalidate\" data-status=\"init\">\n<div style=\"display: none;\">\n<input type=\"hidden\" name=\"_wpcf7\" value=\"39\" \/>\n<input type=\"hidden\" name=\"_wpcf7_version\" value=\"6.0.2\" \/>\n<input type=\"hidden\" name=\"_wpcf7_locale\" value=\"it_IT\" \/>\n<input type=\"hidden\" name=\"_wpcf7_unit_tag\" value=\"wpcf7-f39-o1\" \/>\n<input type=\"hidden\" name=\"_wpcf7_container_post\" value=\"0\" \/>\n<input type=\"hidden\" name=\"_wpcf7_posted_data_hash\" value=\"\" \/>\n<\/div>\n<div class=\"row\">\n\t<div class=\"form\">\n\t\t<p><span class=\"wpcf7-form-control-wrap\" data-name=\"first-name\"><input size=\"40\" maxlength=\"400\" class=\"wpcf7-form-control wpcf7-text wpcf7-validates-as-required field field-text\" aria-required=\"true\" aria-invalid=\"false\" placeholder=\"Nome*\" value=\"\" type=\"text\" name=\"first-name\" \/><\/span><br \/>\n<span class=\"wpcf7-form-control-wrap\" data-name=\"surname\"><input size=\"40\" maxlength=\"400\" class=\"wpcf7-form-control wpcf7-text wpcf7-validates-as-required field field-text\" aria-required=\"true\" aria-invalid=\"false\" placeholder=\"Cognome*\" value=\"\" type=\"text\" name=\"surname\" \/><\/span><br \/>\n<span class=\"wpcf7-form-control-wrap\" data-name=\"company\"><input size=\"40\" maxlength=\"400\" class=\"wpcf7-form-control wpcf7-text wpcf7-validates-as-required field field-text\" aria-required=\"true\" aria-invalid=\"false\" placeholder=\"Sede di lavoro*\" value=\"\" type=\"text\" name=\"company\" \/><\/span><br \/>\n<span class=\"wpcf7-form-control-wrap\" data-name=\"email\"><input size=\"40\" maxlength=\"400\" class=\"wpcf7-form-control wpcf7-email wpcf7-validates-as-required wpcf7-text wpcf7-validates-as-email field field-email\" aria-required=\"true\" aria-invalid=\"false\" placeholder=\"Indirizzo e-mail*\" value=\"\" type=\"email\" name=\"email\" \/><\/span><br \/>\n<span class=\"wpcf7-form-control-wrap\" data-name=\"testo\"><input size=\"40\" maxlength=\"400\" class=\"wpcf7-form-control wpcf7-text wpcf7-validates-as-required field field-phone\" aria-required=\"true\" aria-invalid=\"false\" placeholder=\"P:IVA*\" value=\"\" type=\"text\" name=\"testo\" \/><\/span><br \/>\n<span class=\"wpcf7-form-control-wrap\" data-name=\"message\"><textarea cols=\"40\" rows=\"10\" maxlength=\"2000\" class=\"wpcf7-form-control wpcf7-textarea wpcf7-validates-as-required field field-textarea\" aria-required=\"true\" aria-invalid=\"false\" placeholder=\"Messaggio\" name=\"message\"><\/textarea><\/span>\n\t\t<\/p>\n\t<\/div>\n<\/div>\n<div class=\"single-field width-50 privacy\">\n\t<p><span class=\"wpcf7-form-control-wrap\" data-name=\"privacy\"><span class=\"wpcf7-form-control wpcf7-checkbox wpcf7-validates-as-required\"><span class=\"wpcf7-list-item first last\"><input type=\"checkbox\" name=\"privacy[]\" value=\"Submit\" \/><span class=\"wpcf7-list-item-label\">Submit<\/span><\/span><\/span><\/span><br \/>\n<span class=\"privacy\"> Ho letto e accettato la <a href=\"\/privacy-policy\/\">privacy policy<\/a><\/span>\n\t<\/p>\n<\/div>\n<div class=\"single-field width-50 submit\">\n\t<p><input class=\"wpcf7-form-control wpcf7-submit has-spinner\" type=\"submit\" value=\"Send\" \/>\n\t<\/p>\n<\/div><div class=\"wpcf7-response-output\" aria-hidden=\"true\"><\/div>\n<\/form>\n<\/div>\n<\/div>\n\n\n\n<p><\/p>\n","protected":false},"excerpt":{"rendered":"<p>CON-senso: il nostro servizio si rivolge ai medici e vi permette di gestire con semplicit\u00e0 e in modo pi\u00f9 efficiente i consensi informati per i pazienti. CON-senso offre modelli gi\u00e0 pronti e utilizzabili per le attivit\u00e0 da svolgere e gi\u00e0 verificati sia negli aspetti legali che in quelli medico-scientifici e rispetto le linee guida nazionali. [&hellip;]<\/p>\n","protected":false},"author":1,"featured_media":0,"parent":0,"menu_order":0,"comment_status":"closed","ping_status":"closed","template":"","meta":{"_gspb_post_css":"","footnotes":""},"class_list":["post-7","page","type-page","status-publish","hentry"],"blocksy_meta":[],"_links":{"self":[{"href":"https:\/\/consensoinformato.addictionlab.it\/index.php?rest_route=\/wp\/v2\/pages\/7","targetHints":{"allow":["GET"]}}],"collection":[{"href":"https:\/\/consensoinformato.addictionlab.it\/index.php?rest_route=\/wp\/v2\/pages"}],"about":[{"href":"https:\/\/consensoinformato.addictionlab.it\/index.php?rest_route=\/wp\/v2\/types\/page"}],"author":[{"embeddable":true,"href":"https:\/\/consensoinformato.addictionlab.it\/index.php?rest_route=\/wp\/v2\/users\/1"}],"replies":[{"embeddable":true,"href":"https:\/\/consensoinformato.addictionlab.it\/index.php?rest_route=%2Fwp%2Fv2%2Fcomments&post=7"}],"version-history":[{"count":4,"href":"https:\/\/consensoinformato.addictionlab.it\/index.php?rest_route=\/wp\/v2\/pages\/7\/revisions"}],"predecessor-version":[{"id":50,"href":"https:\/\/consensoinformato.addictionlab.it\/index.php?rest_route=\/wp\/v2\/pages\/7\/revisions\/50"}],"wp:attachment":[{"href":"https:\/\/consensoinformato.addictionlab.it\/index.php?rest_route=%2Fwp%2Fv2%2Fmedia&parent=7"}],"curies":[{"name":"wp","href":"https:\/\/api.w.org\/{rel}","templated":true}]}}